{"id":23,"date":"2025-10-10T02:59:06","date_gmt":"2025-10-10T02:59:06","guid":{"rendered":"https:\/\/cocoluxuryevents.com\/?page_id=23"},"modified":"2025-10-16T18:01:21","modified_gmt":"2025-10-16T18:01:21","slug":"aviso-de-privacidad","status":"publish","type":"page","link":"https:\/\/cocoluxuryevents.com\/en\/aviso-de-privacidad\/","title":{"rendered":"Aviso de privacidad"},"content":{"rendered":"<div data-elementor-type=\"wp-page\" data-elementor-id=\"23\" class=\"elementor elementor-23\" data-elementor-post-type=\"page\">\n\t\t\t\t<div class=\"elementor-element elementor-element-3591b55 e-flex e-con-boxed e-con e-parent\" data-id=\"3591b55\" data-element_type=\"container\" data-e-type=\"container\" data-settings=\"{&quot;background_background&quot;:&quot;classic&quot;}\">\n\t\t\t\t\t<div class=\"e-con-inner\">\n\t\t\t\t<div class=\"elementor-element elementor-element-55aba8b elementor-widget elementor-widget-text-editor\" data-id=\"55aba8b\" data-element_type=\"widget\" data-e-type=\"widget\" data-widget_type=\"text-editor.default\">\n\t\t\t\t\t\t\t\t\t<p>Aviso de privacidad<br \/><br \/>En cumplimiento con lo establecido en la Ley Federal de Protecci\u00f3n de Datos Personales en Posesi\u00f3n de Particulares se emite el siguiente aviso de privacidad:<br \/><br \/>La empresa Coc\u00f3 Luxury Events SAPI con domicilio en calle Alejandro Dumas 134, colonia Jardines Vallarta, Zapopan, Jalisco son responsables de recabar sus datos personales, del uso que se da a los mismos y de su protecci\u00f3n.<br \/><br \/>Con base en la Ley Federal de Protecci\u00f3n de Datos Personales en Posesi\u00f3n de Particulares, Coc\u00f3 Luxury Events SAPI reconoce que es importante asegurarle la debida Privacidad y la Seguridad de su informaci\u00f3n de acuerdo con las leyes vigentes, por lo cual estamos comprometidos a resguardar su informaci\u00f3n personal de acuerdo con las pr\u00e1cticas legales, administrativas y conforme a est\u00e1ndares de seguridad inform\u00e1tica propios de la industria. As\u00ed mismo, nos responsabilizaremos a no comercializar, alquilar, compartir o divulgar su informaci\u00f3n personal a terceros con fines il\u00edcitos o contrarios a los de su titular, salvo en los casos en que expresamente el titular lo autorice.<br \/><br \/>De acuerdo a lo anterior, el presente \u201cAviso de Privacidad\u201d se aplica a toda la informaci\u00f3n personal recopilada por Coc\u00f3 Luxury Events SAPI incluyendo sus empresas afiliadas y subsidiarias, as\u00ed como de terceros con los que celebre o vaya a celebrar relaci\u00f3n contractual, a efecto de brindarle servicios personalizados, contando siempre con los niveles de seguridad exigidos por Ley Federal de Protecci\u00f3n de Datos Personales en Posesi\u00f3n de los Particulares. Por lo antes mencionado, y al estar de acuerdo con el presente \u201cAviso de Privacidad\u201d, usted otorga su consentimiento a Coc\u00f3 Luxury Events SAPI para recopilar y utilizar sus datos personales para los fines que m\u00e1s adelante se especifican.<br \/><br \/>La informaci\u00f3n que recabamos de usted consiste en nombre, tel\u00e9fono y correo electr\u00f3nico en los formatos que nos env\u00edan para su alta como clientes. <br \/><br \/>Estos datos son proporcionados por usted a trav\u00e9s de los departamentos de ventas, para los fines espec\u00edficos que m\u00e1s adelante se precisan.<br \/><br \/>Estos datos son utilizados para cumplir con los lineamientos fiscales y legales derivados de la relaci\u00f3n que tenemos con usted, como lo son aceptaci\u00f3n, cotizaci\u00f3n y seguimiento a proyectos de clientes. <br \/>Le informamos que sus datos personales \u00fanicamente son transferidos y tratados por nuestras empresas filiales o subsidiarias. Lo anterior para los fines mencionados en el p\u00e1rrafo que precede.<br \/><br \/>En caso de que tenga alguna pregunta o desee conocer los datos de su persona que constan en nuestras bases de datos, actualizarlos o rectificarlos (en caso de ser err\u00f3neos), o ejercer el derecho de retiro o bloqueo total o parcial de los mismos, puede contactarnos en Coc\u00f3 Luxury Events SAPI a trav\u00e9s del responsable de tratamiento de datos personales en el correo electr\u00f3nico contact@cocoluxuryevents.com con quien pueden contactarse para ejercer los derechos que tienen sobre sus datos en materia de:<br \/><br \/><br \/>Los derechos anteriores se har\u00e1n valer de acuerdo a los procedimientos regulados en la Ley Federal de Protecci\u00f3n de Datos Personales en Posesi\u00f3n de los Particulares y su Reglamento.<br \/><br \/>En caso de que se requiera alguna modificaci\u00f3n a lo estipulado en el presente aviso de privacidad ser\u00e1 notificado a trav\u00e9s de nuestra p\u00e1gina web en la siguiente direcci\u00f3n: www.cocoluxuryevents.com<\/p>\t\t\t\t\t\t\t\t<\/div>\n\t\t\t\t<div class=\"elementor-element elementor-element-ad39623 elementor-align-center elementor-invisible elementor-widget elementor-widget-button\" data-id=\"ad39623\" data-element_type=\"widget\" data-e-type=\"widget\" data-settings=\"{&quot;_animation&quot;:&quot;slideInUp&quot;}\" data-widget_type=\"button.default\">\n\t\t\t\t\t\t\t\t\t\t<a class=\"elementor-button elementor-button-link elementor-size-sm\" href=\"https:\/\/cocoluxuryevents.com\/en\/\">\n\t\t\t\t\t\t<span class=\"elementor-button-content-wrapper\">\n\t\t\t\t\t\t\t\t\t<span class=\"elementor-button-text\">&lt;&lt; REGRESAR AL SITIO WEB<\/span>\n\t\t\t\t\t<\/span>\n\t\t\t\t\t<\/a>\n\t\t\t\t\t\t\t\t<\/div>\n\t\t\t\t\t<\/div>\n\t\t\t\t<\/div>\n\t\t\t\t<\/div>","protected":false},"excerpt":{"rendered":"<p>Aviso de privacidad En cumplimiento con lo establecido en la Ley Federal de Protecci\u00f3n de Datos Personales en Posesi\u00f3n de Particulares se emite el siguiente aviso de privacidad: La empresa Coc\u00f3 Luxury Events SAPI con domicilio en calle Alejandro Dumas 134, colonia Jardines Vallarta, Zapopan, Jalisco son responsables de recabar sus datos personales, del uso [&hellip;]<\/p>","protected":false},"author":1,"featured_media":0,"parent":0,"menu_order":0,"comment_status":"closed","ping_status":"closed","template":"elementor_canvas","meta":{"_joinchat":[],"footnotes":""},"class_list":["post-23","page","type-page","status-publish","hentry"],"_links":{"self":[{"href":"https:\/\/cocoluxuryevents.com\/en\/wp-json\/wp\/v2\/pages\/23","targetHints":{"allow":["GET"]}}],"collection":[{"href":"https:\/\/cocoluxuryevents.com\/en\/wp-json\/wp\/v2\/pages"}],"about":[{"href":"https:\/\/cocoluxuryevents.com\/en\/wp-json\/wp\/v2\/types\/page"}],"author":[{"embeddable":true,"href":"https:\/\/cocoluxuryevents.com\/en\/wp-json\/wp\/v2\/users\/1"}],"replies":[{"embeddable":true,"href":"https:\/\/cocoluxuryevents.com\/en\/wp-json\/wp\/v2\/comments?post=23"}],"version-history":[{"count":0,"href":"https:\/\/cocoluxuryevents.com\/en\/wp-json\/wp\/v2\/pages\/23\/revisions"}],"wp:attachment":[{"href":"https:\/\/cocoluxuryevents.com\/en\/wp-json\/wp\/v2\/media?parent=23"}],"curies":[{"name":"wp","href":"https:\/\/api.w.org\/{rel}","templated":true}]}}